{"id":5484,"date":"2025-10-21T21:30:18","date_gmt":"2025-10-21T21:30:18","guid":{"rendered":"https:\/\/remyai.epiphytegens.com\/?page_id=5484"},"modified":"2025-10-29T12:43:09","modified_gmt":"2025-10-29T12:43:09","slug":"terms-and-conditions","status":"publish","type":"page","link":"https:\/\/remyai.epiphytegens.com\/es\/terms-and-conditions\/","title":{"rendered":"Terms &amp; Conditions"},"content":{"rendered":"<div style=\"height:130px\" aria-hidden=\"true\" class=\"wp-block-spacer\"><\/div>\n\n\n\n<h2 class=\"wp-block-heading alignwide\"><strong>T\u00e9rminos y Condiciones - Remy AI<\/strong><\/h2>\n\n\n\n<div class=\"wp-block-group alignwide is-vertical is-layout-flex wp-container-core-group-is-layout-8cf370e7 wp-block-group-is-layout-flex\">\n<div class=\"wp-block-group is-vertical is-layout-flex wp-container-core-group-is-layout-8cf370e7 wp-block-group-is-layout-flex\">\n<p><strong>Fecha de Entrada en Vigor:<\/strong>&nbsp;08\/15\/2025<br><strong>\u00daltima Actualizaci\u00f3n:<\/strong>&nbsp;08\/15\/2025<\/p>\n\n\n\n<p>Estos T\u00e9rminos y Condiciones (\u201cT\u00e9rminos\u201d) regulan el acceso y uso de&nbsp;<strong>Remy AI<\/strong>&nbsp;(la \u201cApp\u201d), propiedad y operada por&nbsp;<strong>Epiphyte Gens LLC<\/strong>.<\/p>\n<\/div>\n\n\n\n<p>Al utilizar la App, usted acepta estos T\u00e9rminos. Si no est\u00e1 de acuerdo, no utilice la App.<\/p>\n<\/div>\n\n\n\n<div style=\"height:28px\" aria-hidden=\"true\" class=\"wp-block-spacer\"><\/div>\n\n\n\n<div class=\"wp-block-group is-vertical is-layout-flex wp-container-core-group-is-layout-8cf370e7 wp-block-group-is-layout-flex\">\n<h4 class=\"wp-block-heading\">1. Uso de la App<\/h4>\n\n\n\n<ul class=\"wp-block-list\">\n<li>Debe tener al menos 13 a\u00f1os para utilizar Remy AI.&nbsp;<strong>13 a\u00f1os.<\/strong>&nbsp;to use Remy AI.<\/li>\n\n\n\n<li>Acepta usar la App \u00fanicamente para fines legales.<\/li>\n\n\n\n<li>Usted es responsable de cualquier contenido que cargue.<\/li>\n<\/ul>\n<\/div>\n\n\n\n<div style=\"height:28px\" aria-hidden=\"true\" class=\"wp-block-spacer\"><\/div>\n\n\n\n<div class=\"wp-block-group is-vertical is-layout-flex wp-container-core-group-is-layout-8cf370e7 wp-block-group-is-layout-flex\">\n<h4 class=\"wp-block-heading\">2. Aviso de Salud<\/h4>\n\n\n\n<div class=\"wp-block-group is-vertical is-layout-flex wp-container-core-group-is-layout-8cf370e7 wp-block-group-is-layout-flex\">\n<p>Remy AI ofrece&nbsp;<strong>sugerencias de recetas con fines informativos \u00fanicamente.<\/strong>.<\/p>\n\n\n\n<ul class=\"wp-block-list\">\n<li>We do&nbsp;<strong>No<\/strong>&nbsp;proporcionamos asesoramiento m\u00e9dico, diet\u00e9tico ni nutricional.<\/li>\n\n\n\n<li>Siempre consulte a un profesional de la salud antes de realizar cambios en su dieta o rutina de ejercicio.<\/li>\n<\/ul>\n<\/div>\n<\/div>\n\n\n\n<div style=\"height:28px\" aria-hidden=\"true\" class=\"wp-block-spacer\"><\/div>\n\n\n\n<div class=\"wp-block-group is-vertical is-layout-flex wp-container-core-group-is-layout-8cf370e7 wp-block-group-is-layout-flex\">\n<h4 class=\"wp-block-heading\">3. Propiedad Intelectual<\/h4>\n\n\n\n<ul class=\"wp-block-list\">\n<li>Todo el contenido de la App (excepto el que usted cargue) es propiedad de&nbsp;<strong>Epiphyte Gens LLC<\/strong>&nbsp;y est\u00e1 protegido por leyes de derechos de autor.<\/li>\n\n\n\n<li>Usted nos otorga una&nbsp;<strong>licencia no exclusiva, mundial y libre de regal\u00edas<\/strong>&nbsp;para usar, almacenar y adaptar el contenido que cargue con el fin de operar y mejorar la App.<\/li>\n\n\n\n<li>No est\u00e1 permitido reproducir, distribuir ni explotar ninguna parte de Remy AI sin autorizaci\u00f3n previa por escrito.<\/li>\n<\/ul>\n<\/div>\n\n\n\n<div style=\"height:28px\" aria-hidden=\"true\" class=\"wp-block-spacer\"><\/div>\n\n\n\n<div class=\"wp-block-group is-vertical is-layout-flex wp-container-core-group-is-layout-8cf370e7 wp-block-group-is-layout-flex\">\n<h4 class=\"wp-block-heading\">4. <strong>Autenticaci\u00f3n y Cuentas<\/strong><\/h4>\n\n\n\n<ul class=\"wp-block-list\">\n<li>Puedes crear o acceder a tu cuenta mediante <strong>Inicio de Sesi\u00f3n por Google<\/strong>, <strong>o Apple<\/strong>, u otros medios de autenticaci\u00f3n que provea Remy AI.<\/li>\n\n\n\n<li>Al utilizar estos servicios, autorizas a Remy AI a acceder a los datos b\u00e1sicos de tu cuenta que apruebes (por ejemplo, nombre, direcci\u00f3n de correo electr\u00f3nico, imagen de perfil).<\/li>\n\n\n\n<li>Usted es responsable de mantener la confidencialidad de sus credenciales de inicio de sesi\u00f3n y de toda la actividad realizada en su cuenta.<\/li>\n\n\n\n<li>Notif\u00edcanos de inmediato a <strong><a>remyai.support@epiphytegens.com<\/a><\/strong> si sospechas que se est\u00e1 realizando un uso no autorizado de tu cuenta.<\/li>\n<\/ul>\n<\/div>\n\n\n\n<div style=\"height:39px\" aria-hidden=\"true\" class=\"wp-block-spacer\"><\/div>\n\n\n\n<div class=\"wp-block-group is-vertical is-layout-flex wp-container-core-group-is-layout-8cf370e7 wp-block-group-is-layout-flex\">\n<h4 class=\"wp-block-heading\">5. Actividades Prohibidas<\/h4>\n\n\n\n<div class=\"wp-block-group is-vertical is-layout-flex wp-container-core-group-is-layout-8cf370e7 wp-block-group-is-layout-flex\">\n<p>No puede:<\/p>\n\n\n\n<ul class=\"wp-block-list\">\n<li>Subir, grabar ni enviar contenido que sea ilegal, ofensivo, difamatorio, perjudicial o que promueva el odio, la autolesi\u00f3n o la violencia.<\/li>\n\n\n\n<li>Intentar descompilar, copiar o modificar el software de la App.<\/li>\n\n\n\n<li>Utilizar Remy AI para acosar, explotar o difundir informaci\u00f3n err\u00f3nea.<\/li>\n\n\n\n<li>Interferir con la seguridad, la funcionalidad o las operaciones de red de Remy AI.<\/li>\n\n\n\n<li>Usar las cuentas o los datos de otra persona si su autorizaci\u00f3n.<\/li>\n<\/ul>\n\n\n\n<p>El incumplimiento de estas normas puede dar lugar a la suspensi\u00f3n o cancelaci\u00f3n de su acceso a Remy AI.<\/p>\n<\/div>\n<\/div>\n\n\n\n<div style=\"height:28px\" aria-hidden=\"true\" class=\"wp-block-spacer\"><\/div>\n\n\n\n<div style=\"height:28px\" aria-hidden=\"true\" class=\"wp-block-spacer\"><\/div>\n\n\n\n<div class=\"wp-block-group is-vertical is-layout-flex wp-container-core-group-is-layout-8cf370e7 wp-block-group-is-layout-flex\">\n<h4 class=\"wp-block-heading\">6. Terminaci\u00f3n<\/h4>\n\n\n\n<p>Podemos suspender o cancelar su acceso a Remy AI, con o sin previo aviso, si:<\/p>\n\n\n\n<ul class=\"wp-block-list\">\n<li>Ha incumplido con estos T\u00e9rminos,<\/li>\n\n\n\n<li>Usted hace un mal uso o abusa de la aplicaci\u00f3n, o<\/li>\n\n\n\n<li>Estamos obligados a hacerlo por ley.<\/li>\n<\/ul>\n\n\n\n<p>Tras la cancelaci\u00f3n, su derecho a usar Remy AI cesa de inmediato. Puede solicitar la eliminaci\u00f3n de su cuenta y los datos asociados seg\u00fan nuestra <strong>Pol\u00edtica de Privacidad<\/strong>.<\/p>\n<\/div>\n\n\n\n<div style=\"height:28px\" aria-hidden=\"true\" class=\"wp-block-spacer\"><\/div>\n\n\n\n<div class=\"wp-block-group is-vertical is-layout-flex wp-container-core-group-is-layout-8cf370e7 wp-block-group-is-layout-flex\">\n<h4 class=\"wp-block-heading\">7. Limitaci\u00f3n de Responsabilidad<\/h4>\n\n\n\n<p>En la m\u00e1xima medida permitida por la ley:<\/p>\n\n\n\n<ul class=\"wp-block-list\">\n<li><strong>Epiphyte Gens LLC<\/strong>, ni sus afiliados, empleados ni socios son <strong>responsables de ning\u00fan da\u00f1o, p\u00e9rdida, sufrimiento emocional, lesi\u00f3n o perjuicio<\/strong> derivados de su uso o de la imposibilidad de usar Remy AI.<\/li>\n\n\n\n<li>La App se provee <strong>\"tal cual\" y \"seg\u00fan disponibilidad\"<\/strong>sin garant\u00edas de ning\u00fan tipo, ni expresas ni impl\u00edcitas.<\/li>\n\n\n\n<li>No garantizamos que Remy AI sea ininterrumpida, libre de errores o segura.<\/li>\n\n\n\n<li>Usted asume la total responsabilidad del uso que haga de la aplicaci\u00f3n y de cualquier consecuencia derivada de sus acciones al utilizarla.<\/li>\n<\/ul>\n<\/div>\n\n\n\n<div style=\"height:28px\" aria-hidden=\"true\" class=\"wp-block-spacer\"><\/div>\n\n\n\n<div class=\"wp-block-group is-vertical is-layout-flex wp-container-core-group-is-layout-8cf370e7 wp-block-group-is-layout-flex\">\n<h4 class=\"wp-block-heading\">8. Ley Aplicable<\/h4>\n\n\n\n<p>Estos T\u00e9rminos se rigen por las leyes del <strong>Estado de Florida, EE. UU.<\/strong>, sin considerar conflictos de principios legales.<br>Cualquier disputa o reclamaci\u00f3n se tramitar\u00e1 exclusivamente ante los tribunales ubicados en <strong>Miami-Dade County, Florida<\/strong>.<\/p>\n<\/div>\n\n\n\n<div style=\"height:28px\" aria-hidden=\"true\" class=\"wp-block-spacer\"><\/div>\n\n\n\n<div class=\"wp-block-group is-vertical is-layout-flex wp-container-core-group-is-layout-8cf370e7 wp-block-group-is-layout-flex\">\n<h4 class=\"wp-block-heading\">9. Modificaciones a los T\u00e9rminos<\/h4>\n\n\n\n<p>Podemos actualizar estos T\u00e9rminos en cualquier momento. El uso continuado de la App despu\u00e9s de los cambios implica la aceptaci\u00f3n de los mismos.<\/p>\n<\/div>\n\n\n\n<div style=\"height:28px\" aria-hidden=\"true\" class=\"wp-block-spacer\"><\/div>\n\n\n\n<div class=\"wp-block-group is-vertical is-layout-flex wp-container-core-group-is-layout-8cf370e7 wp-block-group-is-layout-flex\">\n<h4 class=\"wp-block-heading\">10. Contacto<\/h4>\n\n\n\n<p>Epiphyte Gens LLC<br>Miami, FL, USA<br>Email: remyai.support@epiphytegens.com<\/p>\n<\/div>","protected":false},"excerpt":{"rendered":"<p>Terms &amp; Conditions &#8211; Remy AI Effective Date:&nbsp;08\/15\/2025Last Updated:&nbsp;08\/15\/2025 These Terms &amp; Conditions (\u201cTerms\u201d) govern your access to and use of&nbsp;Remy AI&nbsp;(the \u201cApp\u201d), owned and operated by&nbsp;Epiphyte Gens LLC. By using the App, you agree to these Terms. If you do not agree, do not use the App. 1. Use of the App 2. Health [&hellip;]<\/p>","protected":false},"author":1,"featured_media":0,"parent":0,"menu_order":0,"comment_status":"closed","ping_status":"closed","template":"","meta":{"footnotes":""},"class_list":["post-5484","page","type-page","status-publish","hentry"],"_links":{"self":[{"href":"https:\/\/remyai.epiphytegens.com\/es\/wp-json\/wp\/v2\/pages\/5484","targetHints":{"allow":["GET"]}}],"collection":[{"href":"https:\/\/remyai.epiphytegens.com\/es\/wp-json\/wp\/v2\/pages"}],"about":[{"href":"https:\/\/remyai.epiphytegens.com\/es\/wp-json\/wp\/v2\/types\/page"}],"author":[{"embeddable":true,"href":"https:\/\/remyai.epiphytegens.com\/es\/wp-json\/wp\/v2\/users\/1"}],"replies":[{"embeddable":true,"href":"https:\/\/remyai.epiphytegens.com\/es\/wp-json\/wp\/v2\/comments?post=5484"}],"version-history":[{"count":16,"href":"https:\/\/remyai.epiphytegens.com\/es\/wp-json\/wp\/v2\/pages\/5484\/revisions"}],"predecessor-version":[{"id":5515,"href":"https:\/\/remyai.epiphytegens.com\/es\/wp-json\/wp\/v2\/pages\/5484\/revisions\/5515"}],"wp:attachment":[{"href":"https:\/\/remyai.epiphytegens.com\/es\/wp-json\/wp\/v2\/media?parent=5484"}],"curies":[{"name":"wp","href":"https:\/\/api.w.org\/{rel}","templated":true}]}}