{"id":3,"date":"2025-07-22T12:34:14","date_gmt":"2025-07-22T12:34:14","guid":{"rendered":"http:\/\/remyai.epiphytegens.com\/?page_id=3"},"modified":"2026-01-09T23:59:58","modified_gmt":"2026-01-09T23:59:58","slug":"privacy-policy","status":"publish","type":"page","link":"https:\/\/remyai.epiphytegens.com\/es\/privacy-policy\/","title":{"rendered":"Pol\u00edtica de Privacidad"},"content":{"rendered":"<div style=\"height:165px\" aria-hidden=\"true\" class=\"wp-block-spacer\"><\/div>\n\n\n\n<div class=\"wp-block-group is-vertical is-layout-flex wp-container-core-group-is-layout-8cf370e7 wp-block-group-is-layout-flex\">\n<h2 class=\"wp-block-heading\"><strong>Pol\u00edtica de Privacidad - Remy AI<\/strong><\/h2>\n\n\n\n<p><strong>Fecha de Entrada en Vigor:<\/strong>&nbsp;08\/15\/2025<br><strong>\u00daltima Actualizaci\u00f3n:<\/strong>&nbsp;09\/25\/2025<\/p>\n\n\n\n<p><strong>Remy AI<\/strong>&nbsp;(\u201cnosotros\u201d, \u201cnuestro\/a\u201d) es operada por&nbsp;<strong>Epiphyte Gens LLC<\/strong>, registrada en Miami, Florida, EE. UU. Esta Pol\u00edtica de Privacidad explica c\u00f3mo recopilamos, usamos y protegemos su informaci\u00f3n cuando utiliza nuestra aplicaci\u00f3n m\u00f3vil (\u201cApp\u201d) y servicios relacionados.<\/p>\n<\/div>\n\n\n\n<div style=\"height:28px\" aria-hidden=\"true\" class=\"wp-block-spacer\"><\/div>\n\n\n\n<div class=\"wp-block-group is-vertical is-layout-flex wp-container-core-group-is-layout-8cf370e7 wp-block-group-is-layout-flex\">\n<h4 class=\"wp-block-heading\">1. Informaci\u00f3n que Recopilamos<\/h4>\n\n\n\n<p>Podemos recopilar:<\/p>\n\n\n\n<ul class=\"wp-block-list\">\n<li><strong>Informaci\u00f3n Personal:<\/strong>&nbsp;Nombre, correo electr\u00f3nico, y dem\u00e1s informaci\u00f3n obtenida mediante el inicio de sesi\u00f3n por <strong>Google o Apple<\/strong>. Cuando inicias sesi\u00f3n con tu cuenta, solo recibimos la informaci\u00f3n que autorizas (nombre, correo electr\u00f3nico y foto de perfil). <strong>No<\/strong> tenemos acceso a tus contrase\u00f1as ni contactos de Google o Apple.<\/li>\n\n\n\n<li><strong>Contenido Cargado:<\/strong>&nbsp;Fotos de platillos, descripciones de antojos y cualquier otro dato que usted proporcione.<\/li>\n\n\n\n<li><strong>Datos del Dispositivo y Uso:<\/strong>&nbsp;Direcci\u00f3n IP, tipo de dispositivo, sistema operativo, patrones de uso de la aplicaci\u00f3n, registros de fallos y datos anal\u00edticos.<\/li>\n\n\n\n<li><strong>Identificadores:<\/strong>&nbsp;Identificadores de dispositivos (como el ID de publicidad de Android) utilizados para an\u00e1lisis y publicidad.<\/li>\n<\/ul>\n<\/div>\n\n\n\n<div style=\"height:29px\" aria-hidden=\"true\" class=\"wp-block-spacer\"><\/div>\n\n\n\n<div class=\"wp-block-group is-vertical is-layout-flex wp-container-core-group-is-layout-8cf370e7 wp-block-group-is-layout-flex\">\n<h4 class=\"wp-block-heading\">2. Permisos Que Solicitamos<\/h4>\n\n\n\n<p>Nuestra aplicaci\u00f3n podr\u00eda solicitar acceso a ciertas funciones del dispositivo. Cada permiso se utiliza \u00fanicamente para los fines descritos:<\/p>\n\n\n\n<ul class=\"wp-block-list\">\n<li><strong>Inicio de Sesi\u00f3n por Google o Apple:<\/strong> Se utiliza para la autenticaci\u00f3n y para asociar tus entradas con tu cuenta. Puedes desconectar tu cuenta de Google o Apple en cualquier momento desde la configuraci\u00f3n de Google o Apple o dentro de Remy AI.<\/li>\n\n\n\n<li><strong>C\u00e1mara:<\/strong>: Para permitirle subir fotos de sus platos. Solo accedemos a las im\u00e1genes que usted nos env\u00eda.<\/li>\n\n\n\n<li><strong>Almacenamiento<\/strong>: Para almacenar temporalmente fotos cargadas y datos de cach\u00e9 para mejorar el rendimiento.<\/li>\n\n\n\n<li><strong>Acceso a Internet<\/strong>: Para conectarse a nuestros servidores, procesar sus entradas y entregar recetas personalizadas.<\/li>\n<\/ul>\n\n\n\n<p>No accedemos a su micr\u00f3fono, contactos, ubicaci\u00f3n u otros permisos confidenciales a menos que se indique expl\u00edcitamente.<\/p>\n<\/div>\n\n\n\n<div style=\"height:28px\" aria-hidden=\"true\" class=\"wp-block-spacer\"><\/div>\n\n\n\n<div class=\"wp-block-group is-vertical is-layout-flex wp-container-core-group-is-layout-8cf370e7 wp-block-group-is-layout-flex\">\n<h4 class=\"wp-block-heading\">3. C\u00f3mo Usamos Su Informaci\u00f3n<\/h4>\n\n\n\n<p>Utilizamos los datos recopilados para:<\/p>\n\n\n\n<ul class=\"wp-block-list\">\n<li>Generar recetas saludables personalizadas.<\/li>\n\n\n\n<li>Mejorar nuestra tecnolog\u00eda de inteligencia artificial y base de datos de recetas.<\/li>\n\n\n\n<li>Brindar soporte al cliente.<\/li>\n\n\n\n<li>Medir y optimizar la eficacia de nuestros anuncios.<\/li>\n\n\n\n<li>Cumplir con obligaciones legales.<\/li>\n<\/ul>\n<\/div>\n\n\n\n<div style=\"height:28px\" aria-hidden=\"true\" class=\"wp-block-spacer\"><\/div>\n\n\n\n<div class=\"wp-block-group is-vertical is-layout-flex wp-container-core-group-is-layout-8cf370e7 wp-block-group-is-layout-flex\">\n<h4 class=\"wp-block-heading\">4. Almacenamiento y Retenci\u00f3n de Datos<\/h4>\n\n\n\n<ul class=\"wp-block-list\">\n<li>Sus datos se almacenan de forma segura en&nbsp;<strong>servidores de<\/strong>&nbsp;Google Cloud.<\/li>\n\n\n\n<li><strong>Periodos de retenci\u00f3n<\/strong>:\n<ul class=\"wp-block-list\">\n<li>Las fotos cargadas y las entradas de texto se conservan hasta&nbsp;<strong>24 meses<\/strong>&nbsp;para entrenamiento de IA y mejora de la calidad, luego se anonimizan o eliminan.<\/li>\n\n\n\n<li>La informaci\u00f3n de la cuenta se conserva hasta que usted elimine su cuenta o solicite su eliminaci\u00f3n.<\/li>\n\n\n\n<li>Los datos de uso y an\u00e1lisis pueden almacenarse hasta&nbsp;<strong>36 meses<\/strong>.<\/li>\n<\/ul>\n<\/li>\n\n\n\n<li>Puede solicitar la eliminaci\u00f3n de sus datos en cualquier momento (consulte la Secci\u00f3n 7).<\/li>\n<\/ul>\n<\/div>\n\n\n\n<div style=\"height:28px\" aria-hidden=\"true\" class=\"wp-block-spacer\"><\/div>\n\n\n\n<div class=\"wp-block-group is-vertical is-layout-flex wp-container-core-group-is-layout-8cf370e7 wp-block-group-is-layout-flex\">\n<h4 class=\"wp-block-heading\">5. Compartimiento de Datos<\/h4>\n\n\n\n<p>No vendemos sus datos. Solo podemos compartir su informaci\u00f3n con:<\/p>\n\n\n\n<ul class=\"wp-block-list\">\n<li><strong>Proveedores de servicios de confianza<\/strong>&nbsp;que ayudan a operar nuestra aplicaci\u00f3n (por ejemplo, Google Cloud, proveedores de an\u00e1lisis).<\/li>\n\n\n\n<li><strong>Servicios de an\u00e1lisis y publicidad de terceros<\/strong>:\n<ul class=\"wp-block-list\">\n<li><strong>Google Analytics \/ Firebase<\/strong>: Recopila identificadores de dispositivos, registros de fallos y datos de uso para mejorar el rendimiento de la aplicaci\u00f3n.<\/li>\n\n\n\n<li><strong>Meta Ads Manager<\/strong>: Realiza un seguimiento de los datos de participaci\u00f3n para evaluar la eficacia de la publicidad.<br>Cada tercero procesa los datos de acuerdo con su propia pol\u00edtica de privacidad.<\/li>\n<\/ul>\n<\/li>\n\n\n\n<li><strong>Autoridades policiales o judiciales<\/strong>, cuando as\u00ed lo requiera la legislaci\u00f3n aplicable.<\/li>\n<\/ul>\n<\/div>\n\n\n\n<div style=\"height:28px\" aria-hidden=\"true\" class=\"wp-block-spacer\"><\/div>\n\n\n\n<div class=\"wp-block-group is-vertical is-layout-flex wp-container-core-group-is-layout-8cf370e7 wp-block-group-is-layout-flex\">\n<h4 class=\"wp-block-heading\">6. Publicidad y cookies<\/h4>\n\n\n\n<ul class=\"wp-block-list\">\n<li>Podemos usar&nbsp;<strong>cookies, p\u00edxeles, SDK e identificadores de dispositivos<\/strong>&nbsp;para:\n<ul class=\"wp-block-list\">\n<li>Analizar el uso y el rendimiento de las aplicaciones.<\/li>\n\n\n\n<li>Entregar y medir anuncios.<\/li>\n<\/ul>\n<\/li>\n\n\n\n<li>Los ads pueden ser&nbsp;<strong>personalizados<\/strong>&nbsp;basados en su actividad e identificadores de dispositivo.<\/li>\n<\/ul>\n<\/div>\n\n\n\n<div style=\"height:28px\" aria-hidden=\"true\" class=\"wp-block-spacer\"><\/div>\n\n\n\n<div class=\"wp-block-group is-vertical is-layout-flex wp-container-core-group-is-layout-8cf370e7 wp-block-group-is-layout-flex\">\n<h4 class=\"wp-block-heading\">7. Sus Derechos<\/h4>\n\n\n\n<p>Dependiendo de su ubicaci\u00f3n, puede tener derecho a:<\/p>\n\n\n\n<ul class=\"wp-block-list\">\n<li>Acceder, corregir o eliminar sus datos personales.<\/li>\n\n\n\n<li>Restringir u oponerse a ciertos tratamientos.<\/li>\n\n\n\n<li>Retirar el consentimiento en cualquier momento (sin que ello afecte al uso l\u00edcito previo).<\/li>\n<\/ul>\n\n\n\n<p><strong>Cuenta y Eliminaci\u00f3n de Datos<\/strong>:<br>You can request deletion of your account and associated data by contacting us at\u00a0<strong><a>remyai.support@epiphytegens.com<\/a><\/strong>.<\/p>\n<\/div>\n\n\n\n<div style=\"height:28px\" aria-hidden=\"true\" class=\"wp-block-spacer\"><\/div>\n\n\n\n<div class=\"wp-block-group is-vertical is-layout-flex wp-container-core-group-is-layout-8cf370e7 wp-block-group-is-layout-flex\">\n<h4 class=\"wp-block-heading\">8. Privacidad de los Ni\u00f1os<\/h4>\n\n\n\n<p>No recopilamos deliberadamente datos personales de ni\u00f1os menores de&nbsp;<strong>13<\/strong>, o menores a&nbsp;<strong>la edad de consentimiento digital<\/strong>&nbsp;en su jurisdicci\u00f3n (por ejemplo, 16 en la UE\/EEE).<br>Si tenemos conocimiento de dicha recopilaci\u00f3n de datos, los eliminaremos de inmediato.<\/p>\n<\/div>\n\n\n\n<div style=\"height:28px\" aria-hidden=\"true\" class=\"wp-block-spacer\"><\/div>\n\n\n\n<div class=\"wp-block-group is-vertical is-layout-flex wp-container-core-group-is-layout-8cf370e7 wp-block-group-is-layout-flex\">\n<h4 class=\"wp-block-heading\">9. Seguridad<\/h4>\n\n\n\n<p>Tomamos medidas razonables y al est\u00e1ndar de la industria para proteger sus datos, incluyendo:<\/p>\n\n\n\n<ul class=\"wp-block-list\">\n<li><strong>Cifrado en tr\u00e1nsito<\/strong>&nbsp;(TLS\/SSL).<\/li>\n\n\n\n<li><strong>Cifrado en reposo<\/strong>&nbsp;en servidores en la nube seguros.<\/li>\n\n\n\n<li><strong>Controles de acceso y monitorizaci\u00f3n<\/strong>&nbsp;para limitar el acceso a la informaci\u00f3n personal.<\/li>\n<\/ul>\n\n\n\n<p>Sin embargo, ning\u00fan m\u00e9todo de transmisi\u00f3n o almacenamiento es 100% seguro.<\/p>\n<\/div>\n\n\n\n<div style=\"height:28px\" aria-hidden=\"true\" class=\"wp-block-spacer\"><\/div>\n\n\n\n<div class=\"wp-block-group is-vertical is-layout-flex wp-container-core-group-is-layout-8cf370e7 wp-block-group-is-layout-flex\">\n<h4 class=\"wp-block-heading\">10. <strong>Usuarios Internacionales<\/strong><\/h4>\n\n\n\n<p>Al utilizar la App, usted consiente la transferencia y el procesamiento de sus datos en los&nbsp;<strong>Estados Unidos<\/strong>&nbsp;y otros pa\u00edses donde operan nuestros proveedores de servicios.<\/p>\n<\/div>\n\n\n\n<div style=\"height:28px\" aria-hidden=\"true\" class=\"wp-block-spacer\"><\/div>\n\n\n\n<div class=\"wp-block-group is-vertical is-layout-flex wp-container-core-group-is-layout-8cf370e7 wp-block-group-is-layout-flex\">\n<h4 class=\"wp-block-heading\">11. Cambios a Esta Pol\u00edtica<\/h4>\n\n\n\n<p>Podemos actualizar esta Pol\u00edtica de Privacidad peri\u00f3dicamente. Los cambios se publicar\u00e1n en la App y\/o en nuestro sitio web.<br>La fecha de \u201c\u00daltima Actualizaci\u00f3n\u201d en la parte superior reflejar\u00e1 los cambios m\u00e1s recientes.<\/p>\n<\/div>\n\n\n\n<div style=\"height:28px\" aria-hidden=\"true\" class=\"wp-block-spacer\"><\/div>\n\n\n\n<div class=\"wp-block-group is-vertical is-layout-flex wp-container-core-group-is-layout-8cf370e7 wp-block-group-is-layout-flex\">\n<h4 class=\"wp-block-heading\">12. Contact Us<\/h4>\n\n\n\n<p>Epiphyte Gens LLC<br>Miami, FL, USA<br>Email: remyai.support@epiphytegens.com<\/p>\n<\/div>\n\n\n\n<div style=\"height:67px\" aria-hidden=\"true\" class=\"wp-block-spacer\"><\/div>","protected":false},"excerpt":{"rendered":"<p>Privacy Policy \u2013 Remy AI Effective Date:&nbsp;08\/15\/2025Last Updated:&nbsp;09\/25\/2025 Remy AI&nbsp;(\u201cwe,\u201d \u201cour,\u201d or \u201cus\u201d) is operated by&nbsp;Epiphyte Gens LLC, registered in Miami, Florida, USA. This Privacy Policy explains how we collect, use, and protect your information when you use our mobile application (\u201cApp\u201d) and related services. 1. Information We Collect We may collect: 2. Permissions We [&hellip;]<\/p>","protected":false},"author":1,"featured_media":0,"parent":0,"menu_order":0,"comment_status":"closed","ping_status":"closed","template":"","meta":{"footnotes":""},"class_list":["post-3","page","type-page","status-publish","hentry"],"_links":{"self":[{"href":"https:\/\/remyai.epiphytegens.com\/es\/wp-json\/wp\/v2\/pages\/3","targetHints":{"allow":["GET"]}}],"collection":[{"href":"https:\/\/remyai.epiphytegens.com\/es\/wp-json\/wp\/v2\/pages"}],"about":[{"href":"https:\/\/remyai.epiphytegens.com\/es\/wp-json\/wp\/v2\/types\/page"}],"author":[{"embeddable":true,"href":"https:\/\/remyai.epiphytegens.com\/es\/wp-json\/wp\/v2\/users\/1"}],"replies":[{"embeddable":true,"href":"https:\/\/remyai.epiphytegens.com\/es\/wp-json\/wp\/v2\/comments?post=3"}],"version-history":[{"count":30,"href":"https:\/\/remyai.epiphytegens.com\/es\/wp-json\/wp\/v2\/pages\/3\/revisions"}],"predecessor-version":[{"id":5740,"href":"https:\/\/remyai.epiphytegens.com\/es\/wp-json\/wp\/v2\/pages\/3\/revisions\/5740"}],"wp:attachment":[{"href":"https:\/\/remyai.epiphytegens.com\/es\/wp-json\/wp\/v2\/media?parent=3"}],"curies":[{"name":"wp","href":"https:\/\/api.w.org\/{rel}","templated":true}]}}